{"id":102,"date":"2017-04-21T08:45:42","date_gmt":"2017-04-21T08:45:42","guid":{"rendered":"http:\/\/www.barcelonaarte.es\/AIR-redPoint\/?page_id=102"},"modified":"2020-06-12T13:11:24","modified_gmt":"2020-06-12T13:11:24","slug":"formulario","status":"publish","type":"page","link":"https:\/\/www.barcelonaarte.es\/index.php\/espanol\/formulario\/","title":{"rendered":"Formulario Pre-aplicaci\u00f3n"},"content":{"rendered":"<div class=\"wpforms-container wpforms-container-full\" id=\"wpforms-1034\"><form id=\"wpforms-form-1034\" class=\"wpforms-validate wpforms-form\" data-formid=\"1034\" method=\"post\" enctype=\"multipart\/form-data\" action=\"\/index.php\/wp-json\/wp\/v2\/pages\/102\" data-token=\"dff43775c17bfcc1909f3ae8e2eeae04\" data-token-time=\"1776952012\"><div class=\"wpforms-head-container\"><div class=\"wpforms-description\">Para saber si podemos satisfacer sus expectativas, necesitamos conocer algunos aspectos de su propuesta:<\/div><\/div><noscript class=\"wpforms-error-noscript\">Por favor, activa JavaScript en tu navegador para completar este formulario.<\/noscript><div class=\"wpforms-field-container\"><div id=\"wpforms-1034-field_0-container\" class=\"wpforms-field wpforms-field-name\" data-field-id=\"0\"><label class=\"wpforms-field-label\">Su nombre <span class=\"wpforms-required-label\">*<\/span><\/label><div class=\"wpforms-field-row wpforms-field-medium\"><div class=\"wpforms-field-row-block wpforms-first wpforms-one-half\"><input type=\"text\" id=\"wpforms-1034-field_0\" class=\"wpforms-field-name-first wpforms-field-required\" name=\"wpforms[fields][0][first]\" required><label for=\"wpforms-1034-field_0\" class=\"wpforms-field-sublabel after\">Nombre<\/label><\/div><div class=\"wpforms-field-row-block wpforms-one-half\"><input type=\"text\" id=\"wpforms-1034-field_0-last\" class=\"wpforms-field-name-last wpforms-field-required\" name=\"wpforms[fields][0][last]\" required><label for=\"wpforms-1034-field_0-last\" class=\"wpforms-field-sublabel after\">Apellidos<\/label><\/div><\/div><\/div><div id=\"wpforms-1034-field_1-container\" class=\"wpforms-field wpforms-field-email\" data-field-id=\"1\"><label class=\"wpforms-field-label\" for=\"wpforms-1034-field_1\">Su Email <span class=\"wpforms-required-label\">*<\/span><\/label><input type=\"email\" id=\"wpforms-1034-field_1\" class=\"wpforms-field-medium wpforms-field-required\" name=\"wpforms[fields][1]\" spellcheck=\"false\" required><\/div><div id=\"wpforms-1034-field_3-container\" class=\"wpforms-field wpforms-field-text\" data-field-id=\"3\"><label class=\"wpforms-field-label\" for=\"wpforms-1034-field_3\">Su website<\/label><input type=\"text\" id=\"wpforms-1034-field_3\" class=\"wpforms-field-medium\" name=\"wpforms[fields][3]\" placeholder=\"www.\" ><div class=\"wpforms-field-description\">Escriba alg\u00fan sitio web donde podamos ver su trabajo<\/div><\/div>\t\t<div id=\"wpforms-1034-field_10-container\"\n\t\t\tclass=\"wpforms-field wpforms-field-text\"\n\t\t\tdata-field-type=\"text\"\n\t\t\tdata-field-id=\"10\"\n\t\t\t>\n\t\t\t<label class=\"wpforms-field-label\" for=\"wpforms-1034-field_10\" >preferidas a otra<\/label>\n\t\t\t<input type=\"text\" id=\"wpforms-1034-field_10\" class=\"wpforms-field-medium\" name=\"wpforms[fields][10]\" >\n\t\t<\/div>\n\t\t<div id=\"wpforms-1034-field_4-container\" class=\"wpforms-field wpforms-field-checkbox wpforms-list-2-columns\" data-field-id=\"4\"><label class=\"wpforms-field-label\">\u00c9poca y duraci\u00f3n preferidas<\/label><ul id=\"wpforms-1034-field_4\"><li class=\"choice-1 depth-1\"><input type=\"checkbox\" id=\"wpforms-1034-field_4_1\" name=\"wpforms[fields][4][]\" value=\"invierno\"  ><label class=\"wpforms-field-label-inline\" for=\"wpforms-1034-field_4_1\">invierno<\/label><\/li><li class=\"choice-2 depth-1\"><input type=\"checkbox\" id=\"wpforms-1034-field_4_2\" name=\"wpforms[fields][4][]\" value=\"verano\"  ><label class=\"wpforms-field-label-inline\" for=\"wpforms-1034-field_4_2\">verano<\/label><\/li><li class=\"choice-4 depth-1\"><input type=\"checkbox\" id=\"wpforms-1034-field_4_4\" name=\"wpforms[fields][4][]\" value=\"un mes\"  ><label class=\"wpforms-field-label-inline\" for=\"wpforms-1034-field_4_4\">un mes<\/label><\/li><li class=\"choice-5 depth-1\"><input type=\"checkbox\" id=\"wpforms-1034-field_4_5\" name=\"wpforms[fields][4][]\" value=\"+ de un mes\"  ><label class=\"wpforms-field-label-inline\" for=\"wpforms-1034-field_4_5\">+ de un mes<\/label><\/li><\/ul><\/div><div id=\"wpforms-1034-field_5-container\" class=\"wpforms-field wpforms-field-radio wpforms-list-2-columns\" data-field-id=\"5\"><label class=\"wpforms-field-label\">Tipo de proyecto <span class=\"wpforms-required-label\">*<\/span><\/label><ul id=\"wpforms-1034-field_5\" class=\"wpforms-field-required\"><li class=\"choice-1 depth-1\"><input type=\"radio\" id=\"wpforms-1034-field_5_1\" name=\"wpforms[fields][5]\" value=\"Producci\u00f3n\" required ><label class=\"wpforms-field-label-inline\" for=\"wpforms-1034-field_5_1\">Producci\u00f3n<\/label><\/li><li class=\"choice-2 depth-1\"><input type=\"radio\" id=\"wpforms-1034-field_5_2\" name=\"wpforms[fields][5]\" value=\"Producci\u00f3n y exhibici\u00f3n\" required ><label class=\"wpforms-field-label-inline\" for=\"wpforms-1034-field_5_2\">Producci\u00f3n y exhibici\u00f3n<\/label><\/li><li class=\"choice-3 depth-1\"><input type=\"radio\" id=\"wpforms-1034-field_5_3\" name=\"wpforms[fields][5]\" value=\"Exhibici\u00f3n\" required ><label class=\"wpforms-field-label-inline\" for=\"wpforms-1034-field_5_3\">Exhibici\u00f3n<\/label><\/li><li class=\"choice-4 depth-1\"><input type=\"radio\" id=\"wpforms-1034-field_5_4\" name=\"wpforms[fields][5]\" value=\"Individual\" required ><label class=\"wpforms-field-label-inline\" for=\"wpforms-1034-field_5_4\">Individual<\/label><\/li><li class=\"choice-5 depth-1\"><input type=\"radio\" id=\"wpforms-1034-field_5_5\" name=\"wpforms[fields][5]\" value=\"Compartida\" required ><label class=\"wpforms-field-label-inline\" for=\"wpforms-1034-field_5_5\">Compartida<\/label><\/li><li class=\"choice-6 depth-1\"><input type=\"radio\" id=\"wpforms-1034-field_5_6\" name=\"wpforms[fields][5]\" value=\"Investigaci\u00f3n\" required ><label class=\"wpforms-field-label-inline\" for=\"wpforms-1034-field_5_6\">Investigaci\u00f3n<\/label><\/li><li class=\"choice-7 depth-1\"><input type=\"radio\" id=\"wpforms-1034-field_5_7\" name=\"wpforms[fields][5]\" value=\"Asesoramiento\" required ><label class=\"wpforms-field-label-inline\" for=\"wpforms-1034-field_5_7\">Asesoramiento<\/label><\/li><li class=\"choice-8 depth-1\"><input type=\"radio\" id=\"wpforms-1034-field_5_8\" name=\"wpforms[fields][5]\" value=\"Tutor\u00eda\" required ><label class=\"wpforms-field-label-inline\" for=\"wpforms-1034-field_5_8\">Tutor\u00eda<\/label><\/li><li class=\"choice-9 depth-1\"><input type=\"radio\" id=\"wpforms-1034-field_5_9\" name=\"wpforms[fields][5]\" value=\"Ninguno de los anteriores\" required ><label class=\"wpforms-field-label-inline\" for=\"wpforms-1034-field_5_9\">Ninguno de los anteriores<\/label><\/li><\/ul><div class=\"wpforms-field-description\">Describa el tipo de actividad que desea desarrollar con nosotros.  <\/div><\/div><div id=\"wpforms-1034-field_6-container\" class=\"wpforms-field wpforms-field-textarea\" data-field-id=\"6\"><label class=\"wpforms-field-label\" for=\"wpforms-1034-field_6\">Declaraci\u00f3n del artista<\/label><textarea id=\"wpforms-1034-field_6\" class=\"wpforms-field-medium\" name=\"wpforms[fields][6]\" ><\/textarea><\/div><div id=\"wpforms-1034-field_7-container\" class=\"wpforms-field wpforms-field-textarea\" data-field-id=\"7\"><label class=\"wpforms-field-label\" for=\"wpforms-1034-field_7\">Proyecto <span class=\"wpforms-required-label\">*<\/span><\/label><textarea id=\"wpforms-1034-field_7\" class=\"wpforms-field-medium wpforms-field-required wpforms-limit-words-enabled\" data-form-id=\"1034\" data-field-id=\"7\" data-text-limit=\"1000\" name=\"wpforms[fields][7]\" required><\/textarea><div class=\"wpforms-field-description\">Escriba sobre su creatividad, su pensamiento actual y lo que le gustar\u00eda lograr durante su estad\u00eda. Sea lo m\u00e1s claro y conciso posible (m\u00e1ximo 1000 palabras).<\/div><\/div><div id=\"wpforms-1034-field_8-container\" class=\"wpforms-field wpforms-field-textarea\" data-field-id=\"8\"><label class=\"wpforms-field-label\" for=\"wpforms-1034-field_8\">Requisitos t\u00e9cnicos <span class=\"wpforms-required-label\">*<\/span><\/label><textarea id=\"wpforms-1034-field_8\" class=\"wpforms-field-medium wpforms-field-required\" name=\"wpforms[fields][8]\" required><\/textarea><div class=\"wpforms-field-description\">Para saber si podemos acoger su proyecto, necesitamos conocer que infrestructura \/ requisitos t\u00e9cnicos necesita para desarrollarlo<\/div><\/div><div id=\"wpforms-1034-field_9-container\" class=\"wpforms-field wpforms-field-checkbox wpforms-list-2-columns\" data-field-id=\"9\"><label class=\"wpforms-field-label\">\u00bfPertenece a una asociaci\u00f3n de artistas, universidad, escuela u otra entidad de arte?<\/label><ul id=\"wpforms-1034-field_9\"><li class=\"choice-1 depth-1\"><input type=\"checkbox\" id=\"wpforms-1034-field_9_1\" name=\"wpforms[fields][9][]\" value=\"si\"  ><label class=\"wpforms-field-label-inline\" for=\"wpforms-1034-field_9_1\">si<\/label><\/li><li class=\"choice-2 depth-1\"><input type=\"checkbox\" id=\"wpforms-1034-field_9_2\" name=\"wpforms[fields][9][]\" value=\"no\"  ><label class=\"wpforms-field-label-inline\" for=\"wpforms-1034-field_9_2\">no<\/label><\/li><\/ul><\/div><div id=\"wpforms-1034-field_2-container\" class=\"wpforms-field wpforms-field-textarea\" data-field-id=\"2\"><label class=\"wpforms-field-label\" for=\"wpforms-1034-field_2\">Otros comentarios<\/label><textarea id=\"wpforms-1034-field_2\" class=\"wpforms-field-medium wpforms-limit-characters-enabled\" data-form-id=\"1034\" data-field-id=\"2\" data-text-limit=\"1000\" name=\"wpforms[fields][2]\" maxlength=\"1000\" ><\/textarea><\/div><script>\n\t\t\t\t( function() {\n\t\t\t\t\tconst style = document.createElement( 'style' );\n\t\t\t\t\tstyle.appendChild( document.createTextNode( '#wpforms-1034-field_10-container { position: absolute !important; overflow: hidden !important; display: inline !important; height: 1px !important; width: 1px !important; z-index: -1000 !important; padding: 0 !important; } #wpforms-1034-field_10-container input { visibility: hidden; } #wpforms-conversational-form-page #wpforms-1034-field_10-container label { counter-increment: none; }' ) );\n\t\t\t\t\tdocument.head.appendChild( style );\n\t\t\t\t\tdocument.currentScript?.remove();\n\t\t\t\t} )();\n\t\t\t<\/script><\/div><!-- .wpforms-field-container --><div class=\"wpforms-recaptcha-container wpforms-is-recaptcha wpforms-is-recaptcha-type-v2\" ><div class=\"g-recaptcha\" data-sitekey=\"6Ld3Bj0sAAAAACe5JkB_RN7fUJcSkSxqKVtqoK2Q\"><\/div><input type=\"text\" name=\"g-recaptcha-hidden\" class=\"wpforms-recaptcha-hidden\" style=\"position:absolute!important;clip:rect(0,0,0,0)!important;height:1px!important;width:1px!important;border:0!important;overflow:hidden!important;padding:0!important;margin:0!important;\" data-rule-recaptcha=\"1\"><\/div><div class=\"wpforms-submit-container\" ><input type=\"hidden\" name=\"wpforms[id]\" value=\"1034\"><input type=\"hidden\" name=\"page_title\" value=\"\"><input type=\"hidden\" name=\"page_url\" value=\"https:\/\/www.barcelonaarte.es\/index.php\/wp-json\/wp\/v2\/pages\/102\"><input type=\"hidden\" name=\"url_referer\" value=\"\"><button type=\"submit\" name=\"wpforms[submit]\" id=\"wpforms-submit-1034\" class=\"wpforms-submit\" data-alt-text=\"Sending\u2026\" data-submit-text=\"Submit\" aria-live=\"assertive\" value=\"wpforms-submit\">Submit<\/button><\/div><\/form><\/div>  <!-- .wpforms-container -->\n","protected":false},"excerpt":{"rendered":"","protected":false},"author":1,"featured_media":0,"parent":67,"menu_order":0,"comment_status":"closed","ping_status":"closed","template":"","meta":{"advanced_seo_description":"","jetpack_seo_html_title":"","jetpack_seo_noindex":false,"footnotes":""},"class_list":["post-102","page","type-page","status-publish","hentry"],"jetpack_sharing_enabled":true,"jetpack_likes_enabled":true,"jetpack-related-posts":[],"jetpack_shortlink":"https:\/\/wp.me\/PgZiUf-1E","_links":{"self":[{"href":"https:\/\/www.barcelonaarte.es\/index.php\/wp-json\/wp\/v2\/pages\/102","targetHints":{"allow":["GET"]}}],"collection":[{"href":"https:\/\/www.barcelonaarte.es\/index.php\/wp-json\/wp\/v2\/pages"}],"about":[{"href":"https:\/\/www.barcelonaarte.es\/index.php\/wp-json\/wp\/v2\/types\/page"}],"author":[{"embeddable":true,"href":"https:\/\/www.barcelonaarte.es\/index.php\/wp-json\/wp\/v2\/users\/1"}],"replies":[{"embeddable":true,"href":"https:\/\/www.barcelonaarte.es\/index.php\/wp-json\/wp\/v2\/comments?post=102"}],"version-history":[{"count":5,"href":"https:\/\/www.barcelonaarte.es\/index.php\/wp-json\/wp\/v2\/pages\/102\/revisions"}],"predecessor-version":[{"id":1037,"href":"https:\/\/www.barcelonaarte.es\/index.php\/wp-json\/wp\/v2\/pages\/102\/revisions\/1037"}],"up":[{"embeddable":true,"href":"https:\/\/www.barcelonaarte.es\/index.php\/wp-json\/wp\/v2\/pages\/67"}],"wp:attachment":[{"href":"https:\/\/www.barcelonaarte.es\/index.php\/wp-json\/wp\/v2\/media?parent=102"}],"curies":[{"name":"wp","href":"https:\/\/api.w.org\/{rel}","templated":true}]}}