{"id":1251,"date":"2026-02-11T09:37:00","date_gmt":"2026-02-11T09:37:00","guid":{"rendered":"https:\/\/www.barcelonaarte.es\/?page_id=1251"},"modified":"2026-02-17T09:44:19","modified_gmt":"2026-02-17T09:44:19","slug":"collage-workshop","status":"publish","type":"page","link":"https:\/\/www.barcelonaarte.es\/index.php\/experiencies\/collage-workshop\/","title":{"rendered":"Collage Workshop"},"content":{"rendered":"<p class=\"tw-data-text tw-text-large tw-ta\" dir=\"ltr\" style=\"text-align: left;\" tabindex=\"-1\" role=\"text\" data-placeholder=\"Traducci\u00f3n\" data-ved=\"2ahUKEwidgqy7kNGSAxUjT6QEHa-5I0IQ3ewLegQIDBAW\" aria-label=\"Texto traducido: Collage Collage Workshop Collage, whose name comes from the French word &quot;coller&quot; (to glue), is an artistic technique that consists of joining or layering diverse materials on a surface to form a composition. In other words, a visual representation created from the combination of different shapes, materials, and sources, creating a new whole. A collage can include newspaper clippings, ribbons, pieces of colored or handmade paper, fragments of other works of art, photographs, etc., glued to a surface.\"><em><span class=\"Y2IQFc\" lang=\"en\">Collage, whose name comes from the French word \u00abcoller\u00bb (to glue), is an artistic technique that consists of joining or layering diverse materials on a surface to form a composition. In other words, a visual representation created from the combination of different shapes, materials, and sources, creating a new whole. A collage can include newspaper clippings, ribbons, pieces of colored or handmade paper, fragments of other works of art, photographs, etc., glued to a surface.<\/span><\/em><\/p>\n<h2 dir=\"ltr\" tabindex=\"-1\" role=\"text\" data-placeholder=\"Traducci\u00f3n\" data-ved=\"2ahUKEwidgqy7kNGSAxUjT6QEHa-5I0IQ3ewLegQIDBAW\" aria-label=\"Texto traducido: Create your own collage in a relaxed atmosphere, with step-by-step instructions. No drawing skills required!\"><\/h2>\n<h1 id=\"tw-target-text\" class=\"tw-data-text tw-text-large tw-ta\" dir=\"ltr\" style=\"text-align: center;\" tabindex=\"-1\" role=\"text\" data-placeholder=\"Traducci\u00f3n\" data-ved=\"2ahUKEwidgqy7kNGSAxUjT6QEHa-5I0IQ3ewLegQIDBAW\" aria-label=\"Texto traducido: Create your own collage in a relaxed atmosphere, with step-by-step instructions. No drawing skills required!\"><strong><span style=\"color: #800000;\"><span class=\"Y2IQFc\" lang=\"en\">Create your own collage in a relaxed atmosphere, with step-by-step instructions.<br \/>\n<\/span><span class=\"Y2IQFc\" lang=\"en\">No drawing skills required!<\/span><\/span><\/strong><\/h1>\n<p>&nbsp;<\/p>\n<p><img data-recalc-dims=\"1\" loading=\"lazy\" decoding=\"async\" data-attachment-id=\"1332\" data-permalink=\"https:\/\/www.barcelonaarte.es\/index.php\/experiencies\/abstract-painting-experience\/collage_eng\/\" data-orig-file=\"https:\/\/i0.wp.com\/www.barcelonaarte.es\/wp-content\/uploads\/collage_ENG.jpg?fit=1000%2C700&amp;ssl=1\" data-orig-size=\"1000,700\" data-comments-opened=\"0\" data-image-meta=\"{&quot;aperture&quot;:&quot;0&quot;,&quot;credit&quot;:&quot;&quot;,&quot;camera&quot;:&quot;&quot;,&quot;caption&quot;:&quot;&quot;,&quot;created_timestamp&quot;:&quot;0&quot;,&quot;copyright&quot;:&quot;&quot;,&quot;focal_length&quot;:&quot;0&quot;,&quot;iso&quot;:&quot;0&quot;,&quot;shutter_speed&quot;:&quot;0&quot;,&quot;title&quot;:&quot;&quot;,&quot;orientation&quot;:&quot;0&quot;}\" data-image-title=\"collage_ENG\" data-image-description=\"\" data-image-caption=\"\" data-medium-file=\"https:\/\/i0.wp.com\/www.barcelonaarte.es\/wp-content\/uploads\/collage_ENG.jpg?fit=500%2C350&amp;ssl=1\" data-large-file=\"https:\/\/i0.wp.com\/www.barcelonaarte.es\/wp-content\/uploads\/collage_ENG.jpg?fit=720%2C504&amp;ssl=1\" class=\"size-full wp-image-1332 aligncenter\" src=\"https:\/\/i0.wp.com\/www.barcelonaarte.es\/wp-content\/uploads\/collage_ENG.jpg?resize=720%2C504\" alt=\"\" width=\"720\" height=\"504\" srcset=\"https:\/\/i0.wp.com\/www.barcelonaarte.es\/wp-content\/uploads\/collage_ENG.jpg?w=1000&amp;ssl=1 1000w, https:\/\/i0.wp.com\/www.barcelonaarte.es\/wp-content\/uploads\/collage_ENG.jpg?resize=500%2C350&amp;ssl=1 500w, https:\/\/i0.wp.com\/www.barcelonaarte.es\/wp-content\/uploads\/collage_ENG.jpg?resize=768%2C538&amp;ssl=1 768w\" sizes=\"auto, (max-width: 720px) 100vw, 720px\" \/><\/p>\n<p>&nbsp;<\/p>\n<h4 id=\"tw-target-text\" class=\"tw-data-text tw-text-large tw-ta\" dir=\"ltr\" style=\"text-align: left;\" tabindex=\"-1\" role=\"text\" data-placeholder=\"Traducci\u00f3n\" data-ved=\"2ahUKEwidgqy7kNGSAxUjT6QEHa-5I0IQ3ewLegQIDBAW\" aria-label=\"Texto traducido: It's a 2.5-hour class, and you take your artwork home. What we'll do: We'll give you some guidelines, and then we'll get started! We'll select images, cut them out, plan them, adjust them, and glue them together. We'll discuss the finished pieces while enjoying a snack. Materials included. Group class: \u20ac45 Individual class: \u20ac95\"><em><span class=\"Y2IQFc\" lang=\"en\">It&#8217;s a 2hour class, and you take your artwork home. <\/span><\/em><\/h4>\n<h4><em>Arrive on time.<\/em><br \/>\n<em>Introduce yourself.<\/em><br \/>\n<em>I&#8217;ll show you the tools.<\/em><br \/>\n<em>I&#8217;ll give you some guidelines, and we&#8217;ll get started!<\/em><\/h4>\n<h4><em>Unleash your creativity!<\/em><br \/>\n<em>Select your images.<\/em><br \/>\n<em>Cut, design, plan, adjust, and glue.<\/em><br \/>\n<em>Perfect your collage.<\/em><\/h4>\n<h4><em>We&#8217;ll discuss the finished pieces over coffee or tea.<\/em><br \/>\n<em>Take your artwork home.<\/em><\/h4>\n<h4><em><strong>Prices:<\/strong><\/em><br \/>\n<em><span class=\"Y2IQFc\" lang=\"en\">Materials included.<br \/>\n<\/span>Group class per person (maximum 8 people): \u20ac45<\/em><br \/>\n<em><span class=\"Y2IQFc\" lang=\"en\">Individual class: \u20ac95<br \/>\n<\/span>For group rates and special events, please inquire.<\/em><\/h4>\n<p>&nbsp;<\/p>\n<p>&nbsp;<\/p>\n<p><img data-recalc-dims=\"1\" loading=\"lazy\" decoding=\"async\" data-attachment-id=\"1256\" data-permalink=\"https:\/\/www.barcelonaarte.es\/index.php\/experiencies\/collage-workshop\/maxernst\/\" data-orig-file=\"https:\/\/i0.wp.com\/www.barcelonaarte.es\/wp-content\/uploads\/MaxErnst.jpg?fit=210%2C375&amp;ssl=1\" data-orig-size=\"210,375\" data-comments-opened=\"0\" data-image-meta=\"{&quot;aperture&quot;:&quot;0&quot;,&quot;credit&quot;:&quot;&quot;,&quot;camera&quot;:&quot;&quot;,&quot;caption&quot;:&quot;&quot;,&quot;created_timestamp&quot;:&quot;0&quot;,&quot;copyright&quot;:&quot;&quot;,&quot;focal_length&quot;:&quot;0&quot;,&quot;iso&quot;:&quot;0&quot;,&quot;shutter_speed&quot;:&quot;0&quot;,&quot;title&quot;:&quot;&quot;,&quot;orientation&quot;:&quot;0&quot;}\" data-image-title=\"MaxErnst\" data-image-description=\"\" data-image-caption=\"\" data-medium-file=\"https:\/\/i0.wp.com\/www.barcelonaarte.es\/wp-content\/uploads\/MaxErnst.jpg?fit=210%2C375&amp;ssl=1\" data-large-file=\"https:\/\/i0.wp.com\/www.barcelonaarte.es\/wp-content\/uploads\/MaxErnst.jpg?fit=210%2C375&amp;ssl=1\" class=\"alignnone wp-image-1256\" src=\"https:\/\/i0.wp.com\/www.barcelonaarte.es\/wp-content\/uploads\/MaxErnst.jpg?resize=168%2C300\" alt=\"\" width=\"168\" height=\"300\" \/>\u00a0 \u00a0\u00a0<img data-recalc-dims=\"1\" loading=\"lazy\" decoding=\"async\" data-attachment-id=\"1253\" data-permalink=\"https:\/\/www.barcelonaarte.es\/index.php\/experiencies\/collage-workshop\/10_w\/\" data-orig-file=\"https:\/\/i0.wp.com\/www.barcelonaarte.es\/wp-content\/uploads\/10_w.jpg?fit=1400%2C1400&amp;ssl=1\" data-orig-size=\"1400,1400\" data-comments-opened=\"0\" data-image-meta=\"{&quot;aperture&quot;:&quot;0&quot;,&quot;credit&quot;:&quot;&quot;,&quot;camera&quot;:&quot;&quot;,&quot;caption&quot;:&quot;&quot;,&quot;created_timestamp&quot;:&quot;0&quot;,&quot;copyright&quot;:&quot;&quot;,&quot;focal_length&quot;:&quot;0&quot;,&quot;iso&quot;:&quot;0&quot;,&quot;shutter_speed&quot;:&quot;0&quot;,&quot;title&quot;:&quot;&quot;,&quot;orientation&quot;:&quot;0&quot;}\" data-image-title=\"10_w\" data-image-description=\"\" data-image-caption=\"\" data-medium-file=\"https:\/\/i0.wp.com\/www.barcelonaarte.es\/wp-content\/uploads\/10_w.jpg?fit=500%2C500&amp;ssl=1\" data-large-file=\"https:\/\/i0.wp.com\/www.barcelonaarte.es\/wp-content\/uploads\/10_w.jpg?fit=720%2C720&amp;ssl=1\" class=\"alignnone wp-image-1253\" src=\"https:\/\/i0.wp.com\/www.barcelonaarte.es\/wp-content\/uploads\/10_w.jpg?resize=300%2C300\" alt=\"\" width=\"300\" height=\"300\" srcset=\"https:\/\/i0.wp.com\/www.barcelonaarte.es\/wp-content\/uploads\/10_w.jpg?resize=500%2C500&amp;ssl=1 500w, https:\/\/i0.wp.com\/www.barcelonaarte.es\/wp-content\/uploads\/10_w.jpg?resize=150%2C150&amp;ssl=1 150w, https:\/\/i0.wp.com\/www.barcelonaarte.es\/wp-content\/uploads\/10_w.jpg?resize=768%2C768&amp;ssl=1 768w, https:\/\/i0.wp.com\/www.barcelonaarte.es\/wp-content\/uploads\/10_w.jpg?resize=230%2C230&amp;ssl=1 230w, https:\/\/i0.wp.com\/www.barcelonaarte.es\/wp-content\/uploads\/10_w.jpg?resize=365%2C365&amp;ssl=1 365w, https:\/\/i0.wp.com\/www.barcelonaarte.es\/wp-content\/uploads\/10_w.jpg?resize=50%2C50&amp;ssl=1 50w, https:\/\/i0.wp.com\/www.barcelonaarte.es\/wp-content\/uploads\/10_w.jpg?w=1400&amp;ssl=1 1400w\" sizes=\"auto, (max-width: 300px) 100vw, 300px\" \/>\u00a0 \u00a0<img data-recalc-dims=\"1\" loading=\"lazy\" decoding=\"async\" data-attachment-id=\"1257\" data-permalink=\"https:\/\/www.barcelonaarte.es\/index.php\/experiencies\/collage-workshop\/barbara-kruger_untitled-worth-every-penny-1987\/\" data-orig-file=\"https:\/\/i0.wp.com\/www.barcelonaarte.es\/wp-content\/uploads\/Barbara-Kruger_untitled-worth-every-penny-1987.jpg?fit=210%2C363&amp;ssl=1\" data-orig-size=\"210,363\" data-comments-opened=\"0\" data-image-meta=\"{&quot;aperture&quot;:&quot;0&quot;,&quot;credit&quot;:&quot;&quot;,&quot;camera&quot;:&quot;&quot;,&quot;caption&quot;:&quot;&quot;,&quot;created_timestamp&quot;:&quot;0&quot;,&quot;copyright&quot;:&quot;&quot;,&quot;focal_length&quot;:&quot;0&quot;,&quot;iso&quot;:&quot;0&quot;,&quot;shutter_speed&quot;:&quot;0&quot;,&quot;title&quot;:&quot;&quot;,&quot;orientation&quot;:&quot;0&quot;}\" data-image-title=\"Barbara Kruger_untitled-worth-every-penny-1987\" data-image-description=\"\" data-image-caption=\"\" data-medium-file=\"https:\/\/i0.wp.com\/www.barcelonaarte.es\/wp-content\/uploads\/Barbara-Kruger_untitled-worth-every-penny-1987.jpg?fit=210%2C363&amp;ssl=1\" data-large-file=\"https:\/\/i0.wp.com\/www.barcelonaarte.es\/wp-content\/uploads\/Barbara-Kruger_untitled-worth-every-penny-1987.jpg?fit=210%2C363&amp;ssl=1\" class=\"alignnone wp-image-1257\" src=\"https:\/\/i0.wp.com\/www.barcelonaarte.es\/wp-content\/uploads\/Barbara-Kruger_untitled-worth-every-penny-1987.jpg?resize=174%2C300\" alt=\"\" width=\"174\" height=\"300\" \/><\/p>\n<p>Max Ernst\u00a0 \u00a0 \u00a0 \u00a0 \u00a0 \u00a0 \u00a0 \u00a0 \u00a0 \u00a0 \u00a0 \u00a0 \u00a0 \u00a0 \u00a0 \u00a0 \u00a0 \u00a0 \u00a0 \u00a0 \u00a0 Collage abstract\u00a0 \u00a0 \u00a0 \u00a0 \u00a0 \u00a0 \u00a0 \u00a0 \u00a0 \u00a0 \u00a0 \u00a0 \u00a0 \u00a0 \u00a0 \u00a0 \u00a0 \u00a0B\u00e1rbara Kruger<\/p>\n<p>&nbsp;<\/p>\n<hr \/>\n<p>&nbsp;<\/p>\n<h1 style=\"text-align: center;\"><span style=\"color: #800000;\">Crea tu propio collage en un ambiente relajado, con instrucciones paso a paso.<\/span><br \/>\n<span style=\"color: #800000;\">\u00a1No se requieren habilidades de dibujo!<\/span><\/h1>\n<p>&nbsp;<\/p>\n<p><img data-recalc-dims=\"1\" loading=\"lazy\" decoding=\"async\" data-attachment-id=\"1333\" data-permalink=\"https:\/\/www.barcelonaarte.es\/index.php\/experiencies\/abstract-painting-experience\/collage_es\/\" data-orig-file=\"https:\/\/i0.wp.com\/www.barcelonaarte.es\/wp-content\/uploads\/collage_ES.jpg?fit=1000%2C700&amp;ssl=1\" data-orig-size=\"1000,700\" data-comments-opened=\"0\" data-image-meta=\"{&quot;aperture&quot;:&quot;0&quot;,&quot;credit&quot;:&quot;&quot;,&quot;camera&quot;:&quot;&quot;,&quot;caption&quot;:&quot;&quot;,&quot;created_timestamp&quot;:&quot;0&quot;,&quot;copyright&quot;:&quot;&quot;,&quot;focal_length&quot;:&quot;0&quot;,&quot;iso&quot;:&quot;0&quot;,&quot;shutter_speed&quot;:&quot;0&quot;,&quot;title&quot;:&quot;&quot;,&quot;orientation&quot;:&quot;0&quot;}\" data-image-title=\"collage_ES\" data-image-description=\"\" data-image-caption=\"\" data-medium-file=\"https:\/\/i0.wp.com\/www.barcelonaarte.es\/wp-content\/uploads\/collage_ES.jpg?fit=500%2C350&amp;ssl=1\" data-large-file=\"https:\/\/i0.wp.com\/www.barcelonaarte.es\/wp-content\/uploads\/collage_ES.jpg?fit=720%2C504&amp;ssl=1\" class=\"size-full wp-image-1333 aligncenter\" src=\"https:\/\/i0.wp.com\/www.barcelonaarte.es\/wp-content\/uploads\/collage_ES.jpg?resize=720%2C504\" alt=\"\" width=\"720\" height=\"504\" srcset=\"https:\/\/i0.wp.com\/www.barcelonaarte.es\/wp-content\/uploads\/collage_ES.jpg?w=1000&amp;ssl=1 1000w, https:\/\/i0.wp.com\/www.barcelonaarte.es\/wp-content\/uploads\/collage_ES.jpg?resize=500%2C350&amp;ssl=1 500w, https:\/\/i0.wp.com\/www.barcelonaarte.es\/wp-content\/uploads\/collage_ES.jpg?resize=768%2C538&amp;ssl=1 768w\" sizes=\"auto, (max-width: 720px) 100vw, 720px\" \/><\/p>\n<p>&nbsp;<\/p>\n<p><strong>\u00a0 \u00a0 \u00a0 \u00a0 \u00a0 EN S\u00cdNTESIS<\/strong><br \/>\nLlega a tiempo<br \/>\nPres\u00e9ntate<br \/>\npresentar las herramientas<br \/>\nDesata tu creatividad!<br \/>\nSeleccionar tus im\u00e1genes<br \/>\nCorta, plantea, dise\u00f1a, ajusta, pega<br \/>\nPerfecciona tu collage<br \/>\nLl\u00e9vate t\u00fa obra a casa<\/p>\n<p><strong>\u00a0 \u00a0 \u00a0 \u00a0 \u00a0 QUE HARAS<\/strong><br \/>\nDisfrutar\u00e1s creando tu propio collage mientras aprendes sobre los materiales.<br \/>\n\u00bfEs tu primera experiencia con el arte?<br \/>\nPres\u00e9ntate.<br \/>\nCu\u00e9ntanos brevemente tus expectativas.<br \/>\nTe mostrar\u00e9 las herramientas y comenzamos!<br \/>\nDa rienda suelta a tu creatividad en un ambiente relajado e inspirador.<br \/>\nMientras te inspiras, disfruta de caf\u00e9, t\u00e9, agua o zumo.<br \/>\nDivi\u00e9rtete seleccionando las imag\u00e9nes que quieres incorporar en tu obra.<br \/>\nNo necesitas experiencia previa.<br \/>\nTe proporcionaremos todos los materiales.<br \/>\nAprovecha al m\u00e1ximo tu visita a Barcelona y explora tus posibilidades!<\/p>\n<p><strong>\u00a0 \u00a0 \u00a0 \u00a0 \u00a0 \u00a0EN DETALLE<\/strong><br \/>\nCorta, plantea, dise\u00f1a, ajusta, pega<br \/>\nPerfecciona tu collage<\/p>\n<p><strong>\u00a0 \u00a0 \u00a0 \u00a0 \u00a0 DONDE<\/strong><br \/>\nEn el coraz\u00f3n de Barcelona, en la tradicional zona de las galer\u00edas de arte, y a metros de plaza Universitat te invitamos a vivir una experiencia \u00fanica de arte y creatividad. En el ambiente apacible de un estudio de artista.<br \/>\nLa oportunidad perfecta para explorar tu creatividad y llevarte a casa una obra de arte totalmente tuya.<\/p>\n<p><strong>\u00a0 \u00a0 \u00a0 \u00a0 \u00a0 QUE INCLUYE<\/strong><br \/>\nMateriales<br \/>\nEsta sesi\u00f3n tiene una duraci\u00f3n de 2 horas y te llevas tu obra a casa.<\/p>\n<p><strong>\u00a0 \u00a0 \u00a0 \u00a0 \u00a0TARIFA<\/strong><br \/>\n45\u20ac por persona<\/p>\n<p><strong>\u00a0 \u00a0 \u00a0 \u00a0 \u00a0SOBRE M\u00cd<\/strong><br \/>\nSoy un artista profesional con m\u00e1s de 40 a\u00f1os de experiencia en el mundo del arte.<br \/>\nTengo a\u00f1os de experiencia dirigiendo residencias art\u00edsticas.<br \/>\n\u00a1Me encanta compartir mi experiencia y conocimientos!<\/p>\n<p>&nbsp;<\/p>\n<p><img data-recalc-dims=\"1\" loading=\"lazy\" decoding=\"async\" data-attachment-id=\"1296\" data-permalink=\"https:\/\/www.barcelonaarte.es\/index.php\/experiencies\/collage-workshop\/wp_002964\/\" data-orig-file=\"https:\/\/i0.wp.com\/www.barcelonaarte.es\/wp-content\/uploads\/WP_002964.jpg?fit=1200%2C900&amp;ssl=1\" data-orig-size=\"1200,900\" data-comments-opened=\"0\" data-image-meta=\"{&quot;aperture&quot;:&quot;0&quot;,&quot;credit&quot;:&quot;&quot;,&quot;camera&quot;:&quot;&quot;,&quot;caption&quot;:&quot;&quot;,&quot;created_timestamp&quot;:&quot;0&quot;,&quot;copyright&quot;:&quot;&quot;,&quot;focal_length&quot;:&quot;0&quot;,&quot;iso&quot;:&quot;0&quot;,&quot;shutter_speed&quot;:&quot;0&quot;,&quot;title&quot;:&quot;&quot;,&quot;orientation&quot;:&quot;0&quot;}\" data-image-title=\"WP_002964\" data-image-description=\"\" data-image-caption=\"\" data-medium-file=\"https:\/\/i0.wp.com\/www.barcelonaarte.es\/wp-content\/uploads\/WP_002964.jpg?fit=500%2C375&amp;ssl=1\" data-large-file=\"https:\/\/i0.wp.com\/www.barcelonaarte.es\/wp-content\/uploads\/WP_002964.jpg?fit=720%2C540&amp;ssl=1\" class=\"alignnone wp-image-1296\" src=\"https:\/\/i0.wp.com\/www.barcelonaarte.es\/wp-content\/uploads\/WP_002964.jpg?resize=267%2C200\" alt=\"\" width=\"267\" height=\"200\" srcset=\"https:\/\/i0.wp.com\/www.barcelonaarte.es\/wp-content\/uploads\/WP_002964.jpg?w=1200&amp;ssl=1 1200w, https:\/\/i0.wp.com\/www.barcelonaarte.es\/wp-content\/uploads\/WP_002964.jpg?resize=500%2C375&amp;ssl=1 500w, https:\/\/i0.wp.com\/www.barcelonaarte.es\/wp-content\/uploads\/WP_002964.jpg?resize=768%2C576&amp;ssl=1 768w\" sizes=\"auto, (max-width: 267px) 100vw, 267px\" \/>\u00a0 \u00a0 <img data-recalc-dims=\"1\" loading=\"lazy\" decoding=\"async\" data-attachment-id=\"1297\" data-permalink=\"https:\/\/www.barcelonaarte.es\/index.php\/experiencies\/collage-workshop\/dsc_1542\/\" data-orig-file=\"https:\/\/i0.wp.com\/www.barcelonaarte.es\/wp-content\/uploads\/DSC_1542.jpg?fit=1200%2C900&amp;ssl=1\" data-orig-size=\"1200,900\" data-comments-opened=\"0\" data-image-meta=\"{&quot;aperture&quot;:&quot;0&quot;,&quot;credit&quot;:&quot;&quot;,&quot;camera&quot;:&quot;&quot;,&quot;caption&quot;:&quot;&quot;,&quot;created_timestamp&quot;:&quot;0&quot;,&quot;copyright&quot;:&quot;&quot;,&quot;focal_length&quot;:&quot;0&quot;,&quot;iso&quot;:&quot;0&quot;,&quot;shutter_speed&quot;:&quot;0&quot;,&quot;title&quot;:&quot;&quot;,&quot;orientation&quot;:&quot;0&quot;}\" data-image-title=\"DSC_1542\" data-image-description=\"\" data-image-caption=\"\" data-medium-file=\"https:\/\/i0.wp.com\/www.barcelonaarte.es\/wp-content\/uploads\/DSC_1542.jpg?fit=500%2C375&amp;ssl=1\" data-large-file=\"https:\/\/i0.wp.com\/www.barcelonaarte.es\/wp-content\/uploads\/DSC_1542.jpg?fit=720%2C540&amp;ssl=1\" class=\"alignnone wp-image-1297\" src=\"https:\/\/i0.wp.com\/www.barcelonaarte.es\/wp-content\/uploads\/DSC_1542.jpg?resize=267%2C200\" alt=\"\" width=\"267\" height=\"200\" srcset=\"https:\/\/i0.wp.com\/www.barcelonaarte.es\/wp-content\/uploads\/DSC_1542.jpg?w=1200&amp;ssl=1 1200w, https:\/\/i0.wp.com\/www.barcelonaarte.es\/wp-content\/uploads\/DSC_1542.jpg?resize=500%2C375&amp;ssl=1 500w, https:\/\/i0.wp.com\/www.barcelonaarte.es\/wp-content\/uploads\/DSC_1542.jpg?resize=768%2C576&amp;ssl=1 768w\" sizes=\"auto, (max-width: 267px) 100vw, 267px\" \/><\/p>\n<p>&nbsp;<\/p>\n","protected":false},"excerpt":{"rendered":"<p>Collage, whose name comes from the French word \u00abcoller\u00bb (to glue), is an artistic technique that consists of joining or layering diverse materials on a surface to form a composition. In other words, a visual representation created from the combination<\/p>\n","protected":false},"author":1,"featured_media":0,"parent":1276,"menu_order":0,"comment_status":"closed","ping_status":"closed","template":"","meta":{"advanced_seo_description":"","jetpack_seo_html_title":"","jetpack_seo_noindex":false,"footnotes":""},"class_list":["post-1251","page","type-page","status-publish","hentry"],"jetpack_sharing_enabled":true,"jetpack_likes_enabled":true,"jetpack-related-posts":[],"jetpack_shortlink":"https:\/\/wp.me\/PgZiUf-kb","_links":{"self":[{"href":"https:\/\/www.barcelonaarte.es\/index.php\/wp-json\/wp\/v2\/pages\/1251","targetHints":{"allow":["GET"]}}],"collection":[{"href":"https:\/\/www.barcelonaarte.es\/index.php\/wp-json\/wp\/v2\/pages"}],"about":[{"href":"https:\/\/www.barcelonaarte.es\/index.php\/wp-json\/wp\/v2\/types\/page"}],"author":[{"embeddable":true,"href":"https:\/\/www.barcelonaarte.es\/index.php\/wp-json\/wp\/v2\/users\/1"}],"replies":[{"embeddable":true,"href":"https:\/\/www.barcelonaarte.es\/index.php\/wp-json\/wp\/v2\/comments?post=1251"}],"version-history":[{"count":24,"href":"https:\/\/www.barcelonaarte.es\/index.php\/wp-json\/wp\/v2\/pages\/1251\/revisions"}],"predecessor-version":[{"id":1338,"href":"https:\/\/www.barcelonaarte.es\/index.php\/wp-json\/wp\/v2\/pages\/1251\/revisions\/1338"}],"up":[{"embeddable":true,"href":"https:\/\/www.barcelonaarte.es\/index.php\/wp-json\/wp\/v2\/pages\/1276"}],"wp:attachment":[{"href":"https:\/\/www.barcelonaarte.es\/index.php\/wp-json\/wp\/v2\/media?parent=1251"}],"curies":[{"name":"wp","href":"https:\/\/api.w.org\/{rel}","templated":true}]}}