{"id":1263,"date":"2026-02-11T11:36:02","date_gmt":"2026-02-11T11:36:02","guid":{"rendered":"https:\/\/www.barcelonaarte.es\/?page_id=1263"},"modified":"2026-02-17T09:42:43","modified_gmt":"2026-02-17T09:42:43","slug":"abstract-painting-experience","status":"publish","type":"page","link":"https:\/\/www.barcelonaarte.es\/index.php\/experiencies\/abstract-painting-experience\/","title":{"rendered":"Abstract painting experience"},"content":{"rendered":"<h1 dir=\"ltr\" tabindex=\"-1\" role=\"text\" data-placeholder=\"Traducci\u00f3n\" data-ved=\"2ahUKEwidgqy7kNGSAxUjT6QEHa-5I0IQ3ewLegQIDBAW\" aria-label=\"Texto traducido: Enjoy creating your own painting in a relaxed environment.\"><\/h1>\n<h1 dir=\"ltr\" style=\"text-align: center;\" tabindex=\"-1\" role=\"text\" data-placeholder=\"Traducci\u00f3n\" data-ved=\"2ahUKEwidgqy7kNGSAxUjT6QEHa-5I0IQ3ewLegQIDBAW\" aria-label=\"Texto traducido: Enjoy creating your own painting in a relaxed environment.\">Looking for something different? ABSTRACT ART is the perfect solution!<\/h1>\n<h2 dir=\"ltr\" style=\"text-align: center;\" tabindex=\"-1\" role=\"text\" data-placeholder=\"Traducci\u00f3n\" data-ved=\"2ahUKEwidgqy7kNGSAxUjT6QEHa-5I0IQ3ewLegQIDBAW\" aria-label=\"Texto traducido: Enjoy creating your own painting in a relaxed environment.\">Transform a blank canvas into a colorful, abstract work of art with technical guidance from a professional artist.<\/h2>\n<p>&nbsp;<\/p>\n<h2 id=\"tw-target-text\" class=\"tw-data-text tw-text-large tw-ta\" dir=\"ltr\" style=\"text-align: center;\" tabindex=\"-1\" role=\"text\" data-placeholder=\"Traducci\u00f3n\" data-ved=\"2ahUKEwidgqy7kNGSAxUjT6QEHa-5I0IQ3ewLegQIDBAW\" aria-label=\"Texto traducido: Enjoy creating your own painting in a relaxed environment.\"><span style=\"color: #800000;\"><span class=\"Y2IQFc\" lang=\"en\">Enjoy creating your own painting in a<\/span><span class=\"Y2IQFc\" lang=\"en\"> relaxed atmosphere.<br \/>\n<\/span><span class=\"Y2IQFc\" lang=\"en\">You don&#8217;t need any prior knowledge!<\/span><\/span><\/h2>\n<p>&nbsp;<\/p>\n<p><img data-recalc-dims=\"1\" loading=\"lazy\" decoding=\"async\" data-attachment-id=\"1334\" data-permalink=\"https:\/\/www.barcelonaarte.es\/index.php\/experiencies\/abstract-painting-experience\/pintura_en\/\" data-orig-file=\"https:\/\/i0.wp.com\/www.barcelonaarte.es\/wp-content\/uploads\/pintura_EN.jpg?fit=1200%2C745&amp;ssl=1\" data-orig-size=\"1200,745\" data-comments-opened=\"0\" data-image-meta=\"{&quot;aperture&quot;:&quot;0&quot;,&quot;credit&quot;:&quot;&quot;,&quot;camera&quot;:&quot;&quot;,&quot;caption&quot;:&quot;&quot;,&quot;created_timestamp&quot;:&quot;0&quot;,&quot;copyright&quot;:&quot;&quot;,&quot;focal_length&quot;:&quot;0&quot;,&quot;iso&quot;:&quot;0&quot;,&quot;shutter_speed&quot;:&quot;0&quot;,&quot;title&quot;:&quot;&quot;,&quot;orientation&quot;:&quot;0&quot;}\" data-image-title=\"pintura_EN\" data-image-description=\"\" data-image-caption=\"\" data-medium-file=\"https:\/\/i0.wp.com\/www.barcelonaarte.es\/wp-content\/uploads\/pintura_EN.jpg?fit=500%2C310&amp;ssl=1\" data-large-file=\"https:\/\/i0.wp.com\/www.barcelonaarte.es\/wp-content\/uploads\/pintura_EN.jpg?fit=720%2C447&amp;ssl=1\" class=\"size-full wp-image-1334 aligncenter\" src=\"https:\/\/i0.wp.com\/www.barcelonaarte.es\/wp-content\/uploads\/pintura_EN.jpg?resize=720%2C447\" alt=\"\" width=\"720\" height=\"447\" srcset=\"https:\/\/i0.wp.com\/www.barcelonaarte.es\/wp-content\/uploads\/pintura_EN.jpg?w=1200&amp;ssl=1 1200w, https:\/\/i0.wp.com\/www.barcelonaarte.es\/wp-content\/uploads\/pintura_EN.jpg?resize=500%2C310&amp;ssl=1 500w, https:\/\/i0.wp.com\/www.barcelonaarte.es\/wp-content\/uploads\/pintura_EN.jpg?resize=768%2C477&amp;ssl=1 768w\" sizes=\"auto, (max-width: 720px) 100vw, 720px\" \/><\/p>\n<p>&nbsp;<\/p>\n<p>It&#8217;s a 2hour class, and you take your artwork home.<\/p>\n<p>Arrive on time.<br \/>\nIntroduce yourself.<br \/>\nI&#8217;ll show you the materials.<br \/>\nI&#8217;ll give you some guidelines, and we&#8217;ll get started!<br \/>\nWe&#8217;ll do a test run with the materials.<\/p>\n<p>Unleash your creativity!<br \/>\nYou&#8217;ll create your own artwork.<br \/>\nPerfect your artwork.<\/p>\n<p>We&#8217;ll discuss the finished pieces over coffee or tea.<br \/>\nTake your artwork home.<\/p>\n<p>&nbsp;<\/p>\n<h5>Prices:<\/h5>\n<p class=\"tw-data-text tw-text-large tw-ta\" dir=\"ltr\" tabindex=\"-1\" role=\"text\" data-placeholder=\"Traducci\u00f3n\" data-ved=\"2ahUKEwidgqy7kNGSAxUjT6QEHa-5I0IQ3ewLegQIDBAW\" aria-label=\"Texto traducido: It's a 2.5-hour class, and you take your artwork home. What we'll do: We'll give you some guidelines, and then we'll get started! We'll select images, cut them out, plan them, adjust them, and glue them together. We'll discuss the finished pieces while enjoying a snack. Materials included. Group class: \u20ac45 Individual class: \u20ac95\"><span class=\"Y2IQFc\" lang=\"en\">Materials included.<br \/>\n<\/span>Group class per person (maximum 8 people): \u20ac50<br \/>\n<span class=\"Y2IQFc\" lang=\"en\">Individual class: \u20ac95<br \/>\n<\/span>For group rates and special events, please inquire.<\/p>\n<p dir=\"ltr\" tabindex=\"-1\" role=\"text\" data-placeholder=\"Traducci\u00f3n\" data-ved=\"2ahUKEwidgqy7kNGSAxUjT6QEHa-5I0IQ3ewLegQIDBAW\" aria-label=\"Texto traducido: It's a 2.5-hour class, and you take your artwork home. What we'll do: We'll give you some guidelines, and then we'll get started! We'll select images, cut them out, plan them, adjust them, and glue them together. We'll discuss the finished pieces while enjoying a snack. Materials included. Group class: \u20ac45 Individual class: \u20ac95\">\n<p><img data-recalc-dims=\"1\" loading=\"lazy\" decoding=\"async\" data-attachment-id=\"1292\" data-permalink=\"https:\/\/www.barcelonaarte.es\/index.php\/experiencies\/abstract-painting-experience\/amy_11-2\/\" data-orig-file=\"https:\/\/i0.wp.com\/www.barcelonaarte.es\/wp-content\/uploads\/Amy_11-1.jpg?fit=750%2C1000&amp;ssl=1\" data-orig-size=\"750,1000\" data-comments-opened=\"0\" data-image-meta=\"{&quot;aperture&quot;:&quot;0&quot;,&quot;credit&quot;:&quot;&quot;,&quot;camera&quot;:&quot;&quot;,&quot;caption&quot;:&quot;&quot;,&quot;created_timestamp&quot;:&quot;0&quot;,&quot;copyright&quot;:&quot;&quot;,&quot;focal_length&quot;:&quot;0&quot;,&quot;iso&quot;:&quot;0&quot;,&quot;shutter_speed&quot;:&quot;0&quot;,&quot;title&quot;:&quot;&quot;,&quot;orientation&quot;:&quot;0&quot;}\" data-image-title=\"Amy_11\" data-image-description=\"\" data-image-caption=\"\" data-medium-file=\"https:\/\/i0.wp.com\/www.barcelonaarte.es\/wp-content\/uploads\/Amy_11-1.jpg?fit=375%2C500&amp;ssl=1\" data-large-file=\"https:\/\/i0.wp.com\/www.barcelonaarte.es\/wp-content\/uploads\/Amy_11-1.jpg?fit=720%2C960&amp;ssl=1\" class=\"alignnone wp-image-1292\" src=\"https:\/\/i0.wp.com\/www.barcelonaarte.es\/wp-content\/uploads\/Amy_11-1.jpg?resize=225%2C300\" alt=\"\" width=\"225\" height=\"300\" srcset=\"https:\/\/i0.wp.com\/www.barcelonaarte.es\/wp-content\/uploads\/Amy_11-1.jpg?w=750&amp;ssl=1 750w, https:\/\/i0.wp.com\/www.barcelonaarte.es\/wp-content\/uploads\/Amy_11-1.jpg?resize=375%2C500&amp;ssl=1 375w\" sizes=\"auto, (max-width: 225px) 100vw, 225px\" \/> <img data-recalc-dims=\"1\" loading=\"lazy\" decoding=\"async\" data-attachment-id=\"1293\" data-permalink=\"https:\/\/www.barcelonaarte.es\/index.php\/experiencies\/abstract-painting-experience\/dsc_1553\/\" data-orig-file=\"https:\/\/i0.wp.com\/www.barcelonaarte.es\/wp-content\/uploads\/DSC_1553.jpg?fit=1200%2C900&amp;ssl=1\" data-orig-size=\"1200,900\" data-comments-opened=\"0\" data-image-meta=\"{&quot;aperture&quot;:&quot;0&quot;,&quot;credit&quot;:&quot;&quot;,&quot;camera&quot;:&quot;&quot;,&quot;caption&quot;:&quot;&quot;,&quot;created_timestamp&quot;:&quot;0&quot;,&quot;copyright&quot;:&quot;&quot;,&quot;focal_length&quot;:&quot;0&quot;,&quot;iso&quot;:&quot;0&quot;,&quot;shutter_speed&quot;:&quot;0&quot;,&quot;title&quot;:&quot;&quot;,&quot;orientation&quot;:&quot;0&quot;}\" data-image-title=\"DSC_1553\" data-image-description=\"\" data-image-caption=\"\" data-medium-file=\"https:\/\/i0.wp.com\/www.barcelonaarte.es\/wp-content\/uploads\/DSC_1553.jpg?fit=500%2C375&amp;ssl=1\" data-large-file=\"https:\/\/i0.wp.com\/www.barcelonaarte.es\/wp-content\/uploads\/DSC_1553.jpg?fit=720%2C540&amp;ssl=1\" class=\"alignnone wp-image-1293\" src=\"https:\/\/i0.wp.com\/www.barcelonaarte.es\/wp-content\/uploads\/DSC_1553.jpg?resize=400%2C300\" alt=\"\" width=\"400\" height=\"300\" srcset=\"https:\/\/i0.wp.com\/www.barcelonaarte.es\/wp-content\/uploads\/DSC_1553.jpg?w=1200&amp;ssl=1 1200w, https:\/\/i0.wp.com\/www.barcelonaarte.es\/wp-content\/uploads\/DSC_1553.jpg?resize=500%2C375&amp;ssl=1 500w, https:\/\/i0.wp.com\/www.barcelonaarte.es\/wp-content\/uploads\/DSC_1553.jpg?resize=768%2C576&amp;ssl=1 768w\" sizes=\"auto, (max-width: 400px) 100vw, 400px\" \/> <img data-recalc-dims=\"1\" loading=\"lazy\" decoding=\"async\" data-attachment-id=\"1294\" data-permalink=\"https:\/\/www.barcelonaarte.es\/index.php\/experiencies\/abstract-painting-experience\/img_20180723_154005\/\" data-orig-file=\"https:\/\/i0.wp.com\/www.barcelonaarte.es\/wp-content\/uploads\/IMG_20180723_154005.jpg?fit=1000%2C1333&amp;ssl=1\" data-orig-size=\"1000,1333\" data-comments-opened=\"0\" data-image-meta=\"{&quot;aperture&quot;:&quot;0&quot;,&quot;credit&quot;:&quot;&quot;,&quot;camera&quot;:&quot;&quot;,&quot;caption&quot;:&quot;&quot;,&quot;created_timestamp&quot;:&quot;0&quot;,&quot;copyright&quot;:&quot;&quot;,&quot;focal_length&quot;:&quot;0&quot;,&quot;iso&quot;:&quot;0&quot;,&quot;shutter_speed&quot;:&quot;0&quot;,&quot;title&quot;:&quot;&quot;,&quot;orientation&quot;:&quot;0&quot;}\" data-image-title=\"IMG_20180723_154005\" data-image-description=\"\" data-image-caption=\"\" data-medium-file=\"https:\/\/i0.wp.com\/www.barcelonaarte.es\/wp-content\/uploads\/IMG_20180723_154005.jpg?fit=375%2C500&amp;ssl=1\" data-large-file=\"https:\/\/i0.wp.com\/www.barcelonaarte.es\/wp-content\/uploads\/IMG_20180723_154005.jpg?fit=720%2C960&amp;ssl=1\" class=\"alignnone wp-image-1294\" src=\"https:\/\/i0.wp.com\/www.barcelonaarte.es\/wp-content\/uploads\/IMG_20180723_154005.jpg?resize=225%2C300\" alt=\"\" width=\"225\" height=\"300\" srcset=\"https:\/\/i0.wp.com\/www.barcelonaarte.es\/wp-content\/uploads\/IMG_20180723_154005.jpg?w=1000&amp;ssl=1 1000w, https:\/\/i0.wp.com\/www.barcelonaarte.es\/wp-content\/uploads\/IMG_20180723_154005.jpg?resize=375%2C500&amp;ssl=1 375w, https:\/\/i0.wp.com\/www.barcelonaarte.es\/wp-content\/uploads\/IMG_20180723_154005.jpg?resize=768%2C1024&amp;ssl=1 768w\" sizes=\"auto, (max-width: 225px) 100vw, 225px\" \/><\/p>\n<p>&nbsp;<\/p>\n<p class=\"tw-data-text tw-text-large tw-ta\" dir=\"ltr\" tabindex=\"-1\" role=\"text\" data-placeholder=\"Traducci\u00f3n\" data-ved=\"2ahUKEwidgqy7kNGSAxUjT6QEHa-5I0IQ3ewLegQIDBAW\" aria-label=\"Texto traducido: It's a 2.5-hour class, and you take your artwork home. What we'll do: We'll give you some guidelines, and then we'll get started! We'll select images, cut them out, plan them, adjust them, and glue them together. We'll discuss the finished pieces while enjoying a snack. Materials included. Group class: \u20ac45 Individual class: \u20ac95\">\n<hr \/>\n<p><em>Es una clase de 2 horas y te llevas tu obra a casa.<\/em><\/p>\n<p>EN S\u00cdNTESIS<br \/>\nLlega a tiempo<br \/>\nPres\u00e9ntate<br \/>\nte mostrar\u00e9 los materiales<br \/>\nDesata tu creatividad!<br \/>\nSeleccionar los materiales que te interesa usar<br \/>\nPlantea, dise\u00f1a, ajusta<br \/>\nPerfecciona tu pintura<br \/>\nLl\u00e9vate t\u00fa obra a casa<\/p>\n<p><img data-recalc-dims=\"1\" loading=\"lazy\" decoding=\"async\" data-attachment-id=\"1335\" data-permalink=\"https:\/\/www.barcelonaarte.es\/index.php\/experiencies\/abstract-painting-experience\/pintura_es\/\" data-orig-file=\"https:\/\/i0.wp.com\/www.barcelonaarte.es\/wp-content\/uploads\/pintura_ES.jpg?fit=1200%2C745&amp;ssl=1\" data-orig-size=\"1200,745\" data-comments-opened=\"0\" data-image-meta=\"{&quot;aperture&quot;:&quot;0&quot;,&quot;credit&quot;:&quot;&quot;,&quot;camera&quot;:&quot;&quot;,&quot;caption&quot;:&quot;&quot;,&quot;created_timestamp&quot;:&quot;0&quot;,&quot;copyright&quot;:&quot;&quot;,&quot;focal_length&quot;:&quot;0&quot;,&quot;iso&quot;:&quot;0&quot;,&quot;shutter_speed&quot;:&quot;0&quot;,&quot;title&quot;:&quot;&quot;,&quot;orientation&quot;:&quot;0&quot;}\" data-image-title=\"pintura_ES\" data-image-description=\"\" data-image-caption=\"\" data-medium-file=\"https:\/\/i0.wp.com\/www.barcelonaarte.es\/wp-content\/uploads\/pintura_ES.jpg?fit=500%2C310&amp;ssl=1\" data-large-file=\"https:\/\/i0.wp.com\/www.barcelonaarte.es\/wp-content\/uploads\/pintura_ES.jpg?fit=720%2C447&amp;ssl=1\" class=\"size-full wp-image-1335 aligncenter\" src=\"https:\/\/i0.wp.com\/www.barcelonaarte.es\/wp-content\/uploads\/pintura_ES.jpg?resize=720%2C447\" alt=\"\" width=\"720\" height=\"447\" srcset=\"https:\/\/i0.wp.com\/www.barcelonaarte.es\/wp-content\/uploads\/pintura_ES.jpg?w=1200&amp;ssl=1 1200w, https:\/\/i0.wp.com\/www.barcelonaarte.es\/wp-content\/uploads\/pintura_ES.jpg?resize=500%2C310&amp;ssl=1 500w, https:\/\/i0.wp.com\/www.barcelonaarte.es\/wp-content\/uploads\/pintura_ES.jpg?resize=768%2C477&amp;ssl=1 768w\" sizes=\"auto, (max-width: 720px) 100vw, 720px\" \/><\/p>\n<p>QUE HARAS<br \/>\nDisfruta creando tu propia pintura mientras aprendes sobre los materiales. \u00bfEs tu primera experiencia con el arte?<br \/>\nPres\u00e9ntate.<br \/>\nCu\u00e9ntanos brevemente tus expectativas.<br \/>\nDa rienda suelta a tu creatividad en un ambiente relajado e inspirador.<br \/>\nMientras te inspiras, disfruta de caf\u00e9, t\u00e9, agua o zumo.<br \/>\nAprende los conceptos b\u00e1sicos de la pintura abstracta, no necesitas experiencia previa.<br \/>\nTe proporcionaremos todos los materiales, incluidas pinturas, papel, pinceles y delantales.<br \/>\nAprovecha al m\u00e1ximo tu visita a Barcelona y explora tus posibilidades!<\/p>\n<p>EN DETALLE<br \/>\nTrabajaremos con pinturas, pinceles, pasteles al \u00f3leo, l\u00e1pices, y diferentes soportes<br \/>\nEstar\u00e9 todo el tiempo para guiarte y que puedas expresarte con fluidez.<br \/>\nHablaremos de las piezas terminadas.<br \/>\nTe proporcionamos un sobre para que te lleves tu pintura a casa.<\/p>\n<p>DONDE<br \/>\nEn el coraz\u00f3n de Barcelona, en la tradicional zona de las galer\u00edas de arte, y a metros de plaza Universitat te invitamos a vivir una experiencia \u00fanica de arte y creatividad. En el ambiente apacible de un estudio de artista.<br \/>\nEl momento para explorar tu creatividad, divertirte y llevarte a casa una obra de arte completamente tuya.<\/p>\n<p>QUE INCLUYE<br \/>\nMateriales<br \/>\nEsta sesi\u00f3n tiene una duraci\u00f3n de 2 horas y media y te llevas tu obra a casa.<\/p>\n<p>SOBRE M\u00cd<br \/>\nSoy un artista profesional con m\u00e1s de 40 a\u00f1os de experiencia en el mundo del arte.<br \/>\nTengo a\u00f1os de experiencia dirigiendo residencias art\u00edsticas.<br \/>\n\u00a1Me encanta compartir mi experiencia y conocimientos!<\/p>\n<p>TARIFA<br \/>\n50\u20ac<br \/>\nOferta de cr\u00e9dito:<br \/>\nLa tarifa se puede utilizar como cr\u00e9dito para comprar cualquiera de las obras de arte disponibles en el estudio.<br \/>\n50\u20ac<br \/>\n\u00a1Atr\u00e9vete a crear tu pintura, reserva hoy tu plaza y explora tu creatividad!<\/p>\n<p>&nbsp;<\/p>\n<p>&nbsp;<\/p>\n","protected":false},"excerpt":{"rendered":"<p>Looking for something different? ABSTRACT ART is the perfect solution! Transform a blank canvas into a colorful, abstract work of art with technical guidance from a professional artist. &nbsp; Enjoy creating your own painting in a relaxed atmosphere. You don&#8217;t<\/p>\n","protected":false},"author":1,"featured_media":0,"parent":1276,"menu_order":0,"comment_status":"closed","ping_status":"closed","template":"","meta":{"advanced_seo_description":"","jetpack_seo_html_title":"","jetpack_seo_noindex":false,"footnotes":""},"class_list":["post-1263","page","type-page","status-publish","hentry"],"jetpack_sharing_enabled":true,"jetpack_likes_enabled":true,"jetpack-related-posts":[],"jetpack_shortlink":"https:\/\/wp.me\/PgZiUf-kn","_links":{"self":[{"href":"https:\/\/www.barcelonaarte.es\/index.php\/wp-json\/wp\/v2\/pages\/1263","targetHints":{"allow":["GET"]}}],"collection":[{"href":"https:\/\/www.barcelonaarte.es\/index.php\/wp-json\/wp\/v2\/pages"}],"about":[{"href":"https:\/\/www.barcelonaarte.es\/index.php\/wp-json\/wp\/v2\/types\/page"}],"author":[{"embeddable":true,"href":"https:\/\/www.barcelonaarte.es\/index.php\/wp-json\/wp\/v2\/users\/1"}],"replies":[{"embeddable":true,"href":"https:\/\/www.barcelonaarte.es\/index.php\/wp-json\/wp\/v2\/comments?post=1263"}],"version-history":[{"count":15,"href":"https:\/\/www.barcelonaarte.es\/index.php\/wp-json\/wp\/v2\/pages\/1263\/revisions"}],"predecessor-version":[{"id":1337,"href":"https:\/\/www.barcelonaarte.es\/index.php\/wp-json\/wp\/v2\/pages\/1263\/revisions\/1337"}],"up":[{"embeddable":true,"href":"https:\/\/www.barcelonaarte.es\/index.php\/wp-json\/wp\/v2\/pages\/1276"}],"wp:attachment":[{"href":"https:\/\/www.barcelonaarte.es\/index.php\/wp-json\/wp\/v2\/media?parent=1263"}],"curies":[{"name":"wp","href":"https:\/\/api.w.org\/{rel}","templated":true}]}}