{"id":83,"date":"2017-04-21T08:40:33","date_gmt":"2017-04-21T08:40:33","guid":{"rendered":"http:\/\/www.barcelonaarte.es\/AIR-redPoint\/?page_id=83"},"modified":"2017-04-23T14:59:39","modified_gmt":"2017-04-23T14:59:39","slug":"servicios","status":"publish","type":"page","link":"https:\/\/www.barcelonaarte.es\/index.php\/espanol\/servicios\/","title":{"rendered":"Servicios"},"content":{"rendered":"<p align=\"justify\">\u2022 Habitaci\u00f3n amplia, con luz natural, con cama, escritorio, con Internet, para trabajar cada d\u00eda.<br \/>\n\u2022 Internet WI-FI<br \/>\n\u2022 Cocina y ba\u00f1o compartidos.<br \/>\n\u2022 Sala compartida para trabajar cada d\u00eda<br \/>\n\u2022Coordinaci\u00f3n y asesoramiento personalizado*<br \/>\n\u2022 Posibilidad de exposici\u00f3n \/ charla \/ encuentros \/ presentaci\u00f3n \/ seminario \/ evento**<br \/>\n\u2022 Promoci\u00f3n y difusi\u00f3n<\/p>\n<p>Las habitaciones son para uso exclusivo de los residentes. No est\u00e1 permitido traer invitados a pernoctar.<br \/>\nLas reuniones con otros artistas se realizar\u00e1n durante el d\u00eda, y en ning\u00fan caso se prolongar\u00e1n despu\u00e9s de las 23hs.<br \/>\nCada artista es responsable de la limpieza de su habitaci\u00f3n y de respetar el orden de las \u00e1reas comunes.<\/p>\n<p align=\"justify\">Adem\u00e1s, el programa promueve visitas a galer\u00edas y centros de arte dentro de la ciudad y reuniones con otros artistas y otros profesionales del arte.<\/p>\n<p align=\"justify\"><span class=\"subtitulos\">*<\/span>La base mensual es de 4 horas<br \/>\n<span class=\"subtitulos\">**<\/span>La base mensual es de 3 horas por un d\u00eda para realizar la presentaci\u00f3n\/exhibici\u00f3n final<\/p>\n<p>Los artistas que trabajan en fotograf\u00eda, v\u00eddeo y multimedia deben traer su propio equipo. Consultar por m\u00e1s informaci\u00f3n.<\/p>\n<p align=\"justify\"><img data-recalc-dims=\"1\" loading=\"lazy\" decoding=\"async\" data-attachment-id=\"154\" data-permalink=\"https:\/\/www.barcelonaarte.es\/index.php\/english\/services\/s1mix\/\" data-orig-file=\"https:\/\/i0.wp.com\/www.barcelonaarte.es\/wp-content\/uploads\/S1mix.jpg?fit=1000%2C150&amp;ssl=1\" data-orig-size=\"1000,150\" data-comments-opened=\"0\" data-image-meta=\"{&quot;aperture&quot;:&quot;0&quot;,&quot;credit&quot;:&quot;&quot;,&quot;camera&quot;:&quot;&quot;,&quot;caption&quot;:&quot;&quot;,&quot;created_timestamp&quot;:&quot;0&quot;,&quot;copyright&quot;:&quot;&quot;,&quot;focal_length&quot;:&quot;0&quot;,&quot;iso&quot;:&quot;0&quot;,&quot;shutter_speed&quot;:&quot;0&quot;,&quot;title&quot;:&quot;&quot;,&quot;orientation&quot;:&quot;0&quot;}\" data-image-title=\"S1mix\" data-image-description=\"\" data-image-caption=\"\" data-medium-file=\"https:\/\/i0.wp.com\/www.barcelonaarte.es\/wp-content\/uploads\/S1mix.jpg?fit=500%2C75&amp;ssl=1\" data-large-file=\"https:\/\/i0.wp.com\/www.barcelonaarte.es\/wp-content\/uploads\/S1mix.jpg?fit=720%2C108&amp;ssl=1\" class=\"aligncenter size-full wp-image-154\" src=\"https:\/\/i0.wp.com\/www.barcelonaarte.es\/AIR-redPoint\/wp-content\/uploads\/S1mix.jpg?resize=720%2C108\" alt=\"\" width=\"720\" height=\"108\" srcset=\"https:\/\/i0.wp.com\/www.barcelonaarte.es\/wp-content\/uploads\/S1mix.jpg?w=1000&amp;ssl=1 1000w, https:\/\/i0.wp.com\/www.barcelonaarte.es\/wp-content\/uploads\/S1mix.jpg?resize=500%2C75&amp;ssl=1 500w, https:\/\/i0.wp.com\/www.barcelonaarte.es\/wp-content\/uploads\/S1mix.jpg?resize=768%2C115&amp;ssl=1 768w\" sizes=\"auto, (max-width: 720px) 100vw, 720px\" \/><\/p>\n<div align=\"left\">\n<p align=\"justify\"><span class=\"textesnegrita\">Servicios extra<\/span><br \/>\n\u2022 Coordinaci\u00f3n y Apoyo Adicional (Personalizado)<br \/>\n\u2022 Espacio para eventos adicionales (espacio A sala de actividades comunes)<br \/>\n\u2022 Galer\u00eda Espacio Adicional (compartido entre tres o m\u00e1s artistas)<br \/>\n\u2022 Microsite en la web de redPoint<br \/>\n\u2022 Realizaci\u00f3n de dossier final en pdf<br \/>\n\u2022 Tarjeter\u00eda, flyers, etc.<br \/>\n\u2022 Cursos Intensivos<br \/>\n\u2022 Circuito cultural<\/p>\n<p align=\"center\"><span class=\"titols\">Solicitudes a trav\u00e9s de correo electr\u00f3nico solamente:<\/span><br \/>\n<span class=\"subtitulos\">artist.residencies@barcelonaarte.es<br \/>\n<\/span><\/p>\n<\/div>\n<p style=\"text-align: left;\" align=\"center\"><a href=\"http:\/\/www.barcelonaarte.es\/AIR-redPoint\/tarifas\/\">Tarifas&gt;&gt;&gt;<\/a><\/p>\n","protected":false},"excerpt":{"rendered":"<p>\u2022 Habitaci\u00f3n amplia, con luz natural, con cama, escritorio, con Internet, para trabajar cada d\u00eda. \u2022 Internet WI-FI \u2022 Cocina y ba\u00f1o compartidos. \u2022 Sala compartida para trabajar cada d\u00eda \u2022Coordinaci\u00f3n y asesoramiento personalizado* \u2022 Posibilidad de exposici\u00f3n \/ charla<\/p>\n","protected":false},"author":1,"featured_media":532,"parent":67,"menu_order":0,"comment_status":"closed","ping_status":"closed","template":"","meta":{"advanced_seo_description":"","jetpack_seo_html_title":"","jetpack_seo_noindex":false,"footnotes":""},"class_list":["post-83","page","type-page","status-publish","has-post-thumbnail","hentry"],"jetpack_sharing_enabled":true,"jetpack_likes_enabled":true,"jetpack-related-posts":[],"jetpack_shortlink":"https:\/\/wp.me\/PgZiUf-1l","_links":{"self":[{"href":"https:\/\/www.barcelonaarte.es\/index.php\/wp-json\/wp\/v2\/pages\/83","targetHints":{"allow":["GET"]}}],"collection":[{"href":"https:\/\/www.barcelonaarte.es\/index.php\/wp-json\/wp\/v2\/pages"}],"about":[{"href":"https:\/\/www.barcelonaarte.es\/index.php\/wp-json\/wp\/v2\/types\/page"}],"author":[{"embeddable":true,"href":"https:\/\/www.barcelonaarte.es\/index.php\/wp-json\/wp\/v2\/users\/1"}],"replies":[{"embeddable":true,"href":"https:\/\/www.barcelonaarte.es\/index.php\/wp-json\/wp\/v2\/comments?post=83"}],"version-history":[{"count":8,"href":"https:\/\/www.barcelonaarte.es\/index.php\/wp-json\/wp\/v2\/pages\/83\/revisions"}],"predecessor-version":[{"id":702,"href":"https:\/\/www.barcelonaarte.es\/index.php\/wp-json\/wp\/v2\/pages\/83\/revisions\/702"}],"up":[{"embeddable":true,"href":"https:\/\/www.barcelonaarte.es\/index.php\/wp-json\/wp\/v2\/pages\/67"}],"wp:featuredmedia":[{"embeddable":true,"href":"https:\/\/www.barcelonaarte.es\/index.php\/wp-json\/wp\/v2\/media\/532"}],"wp:attachment":[{"href":"https:\/\/www.barcelonaarte.es\/index.php\/wp-json\/wp\/v2\/media?parent=83"}],"curies":[{"name":"wp","href":"https:\/\/api.w.org\/{rel}","templated":true}]}}