{"id":94,"date":"2017-04-21T08:44:27","date_gmt":"2017-04-21T08:44:27","guid":{"rendered":"http:\/\/www.barcelonaarte.es\/AIR-redPoint\/?page_id=94"},"modified":"2017-04-23T15:08:11","modified_gmt":"2017-04-23T15:08:11","slug":"mapa","status":"publish","type":"page","link":"https:\/\/www.barcelonaarte.es\/index.php\/espanol\/mapa\/","title":{"rendered":"Mapa"},"content":{"rendered":"<p align=\"justify\">En el coraz\u00f3n art\u00edstico de Barcelona, \u200b\u200brodeado de las m\u00e1s prestigiosas galer\u00edas de arte, museos, y fundaciones!<br \/>\nMuy inspirativo, el lugar es tranquilo, perfecto para el estudio y la creaci\u00f3n art\u00edstica: en el centro del Circuito Cultural de Barcelona. Y muy bien ubicado: a pocos metros de la Plaza Universidad, de la Rambla Catalunya, la Fundaci\u00f3 T\u00e0pies, Casa Batll\u00f3, y a 5 minutos de La Rambla.<br \/>\nA pocos pasos\u00a0del transporte p\u00fablico, el sitio est\u00e1 muy bien comunicado: autobuses diurnos y nocturnos (Nitbus), l\u00edneas de metro; bicing<\/p>\n<p style=\"text-align: center;\" align=\"justify\"><img data-recalc-dims=\"1\" loading=\"lazy\" decoding=\"async\" data-attachment-id=\"150\" data-permalink=\"https:\/\/www.barcelonaarte.es\/index.php\/english\/map\/mapadownl\/\" data-orig-file=\"https:\/\/i0.wp.com\/www.barcelonaarte.es\/wp-content\/uploads\/mapaDownl.jpg?fit=2500%2C1781&amp;ssl=1\" data-orig-size=\"2500,1781\" data-comments-opened=\"0\" data-image-meta=\"{&quot;aperture&quot;:&quot;0&quot;,&quot;credit&quot;:&quot;&quot;,&quot;camera&quot;:&quot;&quot;,&quot;caption&quot;:&quot;&quot;,&quot;created_timestamp&quot;:&quot;0&quot;,&quot;copyright&quot;:&quot;&quot;,&quot;focal_length&quot;:&quot;0&quot;,&quot;iso&quot;:&quot;0&quot;,&quot;shutter_speed&quot;:&quot;0&quot;,&quot;title&quot;:&quot;&quot;,&quot;orientation&quot;:&quot;0&quot;}\" data-image-title=\"mapaDownl\" data-image-description=\"\" data-image-caption=\"\" data-medium-file=\"https:\/\/i0.wp.com\/www.barcelonaarte.es\/wp-content\/uploads\/mapaDownl.jpg?fit=500%2C356&amp;ssl=1\" data-large-file=\"https:\/\/i0.wp.com\/www.barcelonaarte.es\/wp-content\/uploads\/mapaDownl.jpg?fit=720%2C513&amp;ssl=1\" class=\"aligncenter size-full wp-image-150\" src=\"https:\/\/i0.wp.com\/www.barcelonaarte.es\/AIR-redPoint\/wp-content\/uploads\/mapaDownl.jpg?resize=720%2C513\" alt=\"\" width=\"720\" height=\"513\" srcset=\"https:\/\/i0.wp.com\/www.barcelonaarte.es\/wp-content\/uploads\/mapaDownl.jpg?w=2500&amp;ssl=1 2500w, https:\/\/i0.wp.com\/www.barcelonaarte.es\/wp-content\/uploads\/mapaDownl.jpg?resize=500%2C356&amp;ssl=1 500w, https:\/\/i0.wp.com\/www.barcelonaarte.es\/wp-content\/uploads\/mapaDownl.jpg?resize=768%2C547&amp;ssl=1 768w, https:\/\/i0.wp.com\/www.barcelonaarte.es\/wp-content\/uploads\/mapaDownl.jpg?resize=1600%2C1140&amp;ssl=1 1600w, https:\/\/i0.wp.com\/www.barcelonaarte.es\/wp-content\/uploads\/mapaDownl.jpg?w=1440 1440w, https:\/\/i0.wp.com\/www.barcelonaarte.es\/wp-content\/uploads\/mapaDownl.jpg?w=2160 2160w\" sizes=\"auto, (max-width: 720px) 100vw, 720px\" \/><\/p>\n<p class=\"subtitulos\" align=\"justify\"><img data-recalc-dims=\"1\" loading=\"lazy\" decoding=\"async\" data-attachment-id=\"530\" data-permalink=\"https:\/\/www.barcelonaarte.es\/index.php\/english\/map\/sliderimage3\/\" data-orig-file=\"https:\/\/i0.wp.com\/www.barcelonaarte.es\/wp-content\/uploads\/sliderimage3.jpg?fit=2200%2C633&amp;ssl=1\" data-orig-size=\"2200,633\" data-comments-opened=\"0\" data-image-meta=\"{&quot;aperture&quot;:&quot;0&quot;,&quot;credit&quot;:&quot;&quot;,&quot;camera&quot;:&quot;&quot;,&quot;caption&quot;:&quot;&quot;,&quot;created_timestamp&quot;:&quot;0&quot;,&quot;copyright&quot;:&quot;&quot;,&quot;focal_length&quot;:&quot;0&quot;,&quot;iso&quot;:&quot;0&quot;,&quot;shutter_speed&quot;:&quot;0&quot;,&quot;title&quot;:&quot;&quot;,&quot;orientation&quot;:&quot;0&quot;}\" data-image-title=\"sliderimage3\" data-image-description=\"\" data-image-caption=\"\" data-medium-file=\"https:\/\/i0.wp.com\/www.barcelonaarte.es\/wp-content\/uploads\/sliderimage3.jpg?fit=500%2C144&amp;ssl=1\" data-large-file=\"https:\/\/i0.wp.com\/www.barcelonaarte.es\/wp-content\/uploads\/sliderimage3.jpg?fit=720%2C207&amp;ssl=1\" class=\"aligncenter size-full wp-image-530\" src=\"https:\/\/i0.wp.com\/www.barcelonaarte.es\/AIR-redPoint\/wp-content\/uploads\/sliderimage3.jpg?resize=720%2C207\" alt=\"\" width=\"720\" height=\"207\" srcset=\"https:\/\/i0.wp.com\/www.barcelonaarte.es\/wp-content\/uploads\/sliderimage3.jpg?w=2200&amp;ssl=1 2200w, https:\/\/i0.wp.com\/www.barcelonaarte.es\/wp-content\/uploads\/sliderimage3.jpg?resize=500%2C144&amp;ssl=1 500w, https:\/\/i0.wp.com\/www.barcelonaarte.es\/wp-content\/uploads\/sliderimage3.jpg?resize=768%2C221&amp;ssl=1 768w, https:\/\/i0.wp.com\/www.barcelonaarte.es\/wp-content\/uploads\/sliderimage3.jpg?resize=1600%2C460&amp;ssl=1 1600w, https:\/\/i0.wp.com\/www.barcelonaarte.es\/wp-content\/uploads\/sliderimage3.jpg?w=1440 1440w\" sizes=\"auto, (max-width: 720px) 100vw, 720px\" \/><\/p>\n<p class=\"subtitulos\" align=\"justify\"><strong>Links<\/strong><\/p>\n<p align=\"justify\"><a href=\"http:\/\/obrasocial.lacaixa.es\/nuestroscentros\/caixaforumbarcelona_es.html\" target=\"_blank\">Caixaforum<\/a><br \/>\n<a href=\"http:\/\/www.casamuseugaudi.org\/\" target=\"_blank\">Casa Museu Gaudi <\/a><br \/>\n<a href=\"http:\/\/www.cccb.org\/ca\/\" target=\"_blank\">CCCB <\/a><br \/>\n<a href=\"http:\/\/www.fundaciotapies.org\/\" target=\"_blank\">Fundacio Antoni Tapies<\/a><br \/>\n<a href=\"http:\/\/www.fundacionfgodia.org\/\" target=\"_blank\">Fundaci\u00f3n Francisco Godia<\/a><br \/>\n<a href=\"http:\/\/www.fundaciofrandaurel.com\/es\/\" target=\"_blank\">Fundacio Fran Daurel <\/a><br \/>\n<a href=\"http:\/\/fundaciomiro-bcn.org\/\" target=\"_blank\">Fundacio Joan Miro<\/a><a href=\"http:\/\/www.fundaciosunol.org\/\" target=\"_blank\"><br \/>\nFundaci\u00f3 Su\u00f1ol<br \/>\n<\/a><a href=\"http:\/\/www.fundaciovilacasas.com\/es\/museos-y-espacios-de-arte\/\" target=\"_blank\">Fundaci\u00f3 Vila Casas<\/a><br \/>\n<a href=\"http:\/\/www.fundaciondelasartes.org\/\" target=\"_blank\">Fundaci\u00d3 De Les Arts I Els Artistes<\/a><br \/>\n<a href=\"http:\/\/lacapella.bcn.cat\/\" target=\"_blank\">La Capella<\/a><br \/>\n<a href=\"http:\/\/www.lapedrera.com\/ca\/home\" target=\"_blank\">La Pedrera<\/a><br \/>\n<a href=\"http:\/\/lavirreina.bcn.cat\/\" target=\"_blank\">La Virreina<\/a><br \/>\n<a href=\"http:\/\/www.macba.cat\/es\/inicio\" target=\"_blank\">MACBA <\/a><br \/>\n<a href=\"http:\/\/www.mibamuseum.com\/\" target=\"_blank\">MIBA <\/a><br \/>\n<a href=\"http:\/\/www.museunacional.cat\/ca?lan=001\" target=\"_blank\">MNAC<\/a><br \/>\n<a href=\"http:\/\/museuhistoria.bcn.cat\/\" target=\"_blank\">MUHBA<\/a><br \/>\n<a href=\"http:\/\/www.erotica-museum.com\/\" target=\"_blank\">Erotic Museum Barcelona<\/a><br \/>\n<a href=\"http:\/\/w110.bcn.cat\/portal\/site\/MuseuDeLaMusica\" target=\"_blank\">Museu de la Musica<\/a><br \/>\n<a href=\"http:\/\/www.museudeldisseny.cat\/museus\/museu-de-les-arts-decoratives\" target=\"_blank\">Museu de les Arts Decoratives<\/a><br \/>\n<a href=\"http:\/\/www.meam.es\/\" target=\"_blank\">MEAM<\/a><br \/>\n<a href=\"http:\/\/www.amatller.org\/\" target=\"_blank\">Institut Amatller d&#8217;art hispanic<\/a><br \/>\n<a href=\"http:\/\/www.museupicasso.bcn.cat\/\" target=\"_blank\">Museu Picasso<br \/>\n<\/a><a href=\"http:\/\/www.artbarcelona.es\/\" target=\"_blank\">Asociaci\u00f3n de Galer\u00edas de Arte Contempor\u00e1neo<\/a><strong><a href=\"http:\/\/www.artbarcelona.es\/\" target=\"_blank\"><br \/>\n<\/a><\/strong><a href=\"http:\/\/www.galeriescatalunya.org\/\" target=\"_blank\">Gremi de Galeries D&#8217;art de Catalunya<br \/>\n<\/a><\/p>\n<p style=\"text-align: right;\"><span class=\"unnamed1\">imprimir el mapa<\/span><a href=\"http:\/\/www.barcelonaarte.es\/redpoint\/mapa.pdf\" target=\"_blank\"><img data-recalc-dims=\"1\" loading=\"lazy\" decoding=\"async\" src=\"https:\/\/i0.wp.com\/www.barcelonaarte.es\/redpoint\/img\/impresora.gif?resize=20%2C20\" width=\"20\" height=\"20\" align=\"absmiddle\" border=\"0\" \/><\/a><\/p>\n<p>&nbsp;<\/p>\n<p>&nbsp;<\/p>\n","protected":false},"excerpt":{"rendered":"<p>En el coraz\u00f3n art\u00edstico de Barcelona, \u200b\u200brodeado de las m\u00e1s prestigiosas galer\u00edas de arte, museos, y fundaciones! Muy inspirativo, el lugar es tranquilo, perfecto para el estudio y la creaci\u00f3n art\u00edstica: en el centro del Circuito Cultural de Barcelona. Y<\/p>\n","protected":false},"author":1,"featured_media":0,"parent":67,"menu_order":0,"comment_status":"closed","ping_status":"closed","template":"","meta":{"advanced_seo_description":"","jetpack_seo_html_title":"","jetpack_seo_noindex":false,"footnotes":""},"class_list":["post-94","page","type-page","status-publish","hentry"],"jetpack_sharing_enabled":true,"jetpack_likes_enabled":true,"jetpack-related-posts":[],"jetpack_shortlink":"https:\/\/wp.me\/PgZiUf-1w","_links":{"self":[{"href":"https:\/\/www.barcelonaarte.es\/index.php\/wp-json\/wp\/v2\/pages\/94","targetHints":{"allow":["GET"]}}],"collection":[{"href":"https:\/\/www.barcelonaarte.es\/index.php\/wp-json\/wp\/v2\/pages"}],"about":[{"href":"https:\/\/www.barcelonaarte.es\/index.php\/wp-json\/wp\/v2\/types\/page"}],"author":[{"embeddable":true,"href":"https:\/\/www.barcelonaarte.es\/index.php\/wp-json\/wp\/v2\/users\/1"}],"replies":[{"embeddable":true,"href":"https:\/\/www.barcelonaarte.es\/index.php\/wp-json\/wp\/v2\/comments?post=94"}],"version-history":[{"count":7,"href":"https:\/\/www.barcelonaarte.es\/index.php\/wp-json\/wp\/v2\/pages\/94\/revisions"}],"predecessor-version":[{"id":706,"href":"https:\/\/www.barcelonaarte.es\/index.php\/wp-json\/wp\/v2\/pages\/94\/revisions\/706"}],"up":[{"embeddable":true,"href":"https:\/\/www.barcelonaarte.es\/index.php\/wp-json\/wp\/v2\/pages\/67"}],"wp:attachment":[{"href":"https:\/\/www.barcelonaarte.es\/index.php\/wp-json\/wp\/v2\/media?parent=94"}],"curies":[{"name":"wp","href":"https:\/\/api.w.org\/{rel}","templated":true}]}}